{"id":4704,"date":"2025-07-19T07:11:54","date_gmt":"2025-07-19T07:11:54","guid":{"rendered":"https:\/\/subiaoengine.com\/?post_type=product&#038;p=4704"},"modified":"2025-07-24T07:24:07","modified_gmt":"2025-07-24T07:24:07","slug":"cummins-x15-cylinder-head-assembly-single-camshaft","status":"publish","type":"product","link":"https:\/\/subiaoengine.com\/es\/producto\/cummins-x15-cylinder-head-assembly-single-camshaft\/","title":{"rendered":"Conjunto de culata Cummins x15 (\u00e1rbol de levas simple)"},"content":{"rendered":"<h2>Potencia y fiabilidad excepcionales<\/h2>\n<p>El motor Cummins X15 est\u00e1 dise\u00f1ado para satisfacer las rigurosas exigencias de las aplicaciones de servicio pesado, ofreciendo un rendimiento inigualable en maquinaria de construcci\u00f3n y grupos electr\u00f3genos. Con una impresionante potencia de 605 CV, este motor destaca como una soluci\u00f3n potente, dise\u00f1ada para garantizar la eficiencia y la durabilidad incluso en las condiciones m\u00e1s exigentes. Tanto si est\u00e1 accionando maquinaria de gran tama\u00f1o como generando energ\u00eda fiable, el Cummins X15 es su compa\u00f1ero de confianza para obtener fiabilidad y fuerza donde m\u00e1s importa.<\/p>\n<h2>Optimizado para maquinaria de construcci\u00f3n<\/h2>\n<p>Las obras de construcci\u00f3n exigen una potencia consistente y robusta para manejar a diario equipos pesados, y el motor Cummins X15 est\u00e1 a la altura de las circunstancias. Su avanzado dise\u00f1o garantiza un funcionamiento sin problemas bajo altas cargas de trabajo, minimizando el tiempo de inactividad y mejorando la productividad. La potencia de 605 caballos proporciona el m\u00fasculo necesario para equipos de movimiento de tierras, gr\u00faas y otra maquinaria de construcci\u00f3n, garantizando que cada proyecto se ejecute sin problemas y de manera eficiente. Respaldados por d\u00e9cadas de experiencia, los motores Cummins est\u00e1n dise\u00f1ados para ofrecer un rendimiento superior, lo que convierte a este modelo en la soluci\u00f3n ideal para cualquier tarea de construcci\u00f3n exigente.<\/p>\n<h2>Fiabilidad de los grupos electr\u00f3genos<\/h2>\n<p>En aplicaciones de generadores, el motor Cummins X15 ofrece una fiabilidad inquebrantable para satisfacer necesidades energ\u00e9ticas cr\u00edticas. Desde alimentar grandes operaciones industriales hasta servir como generadores de reserva para empresas, este motor destaca por ofrecer una producci\u00f3n de energ\u00eda constante y fiable. Su avanzada tecnolog\u00eda garantiza menos emisiones, mayor eficiencia de combustible y componentes dise\u00f1ados con precisi\u00f3n para maximizar la longevidad. Esta robusta unidad de potencia mantiene las operaciones en marcha sin problemas durante los picos de demanda, al tiempo que garantiza una protecci\u00f3n \u00f3ptima contra los tiempos de inactividad. Si la fiabilidad y el rendimiento son su prioridad, el motor Cummins X15 est\u00e1 construido para superar las expectativas en cada despliegue.<\/p>","protected":false},"excerpt":{"rendered":"<p>Unleashing Exceptional Power and Reliability The Cummins X15 engine is designed to meet the rigorous demands of heavy-duty applications, offering unparalleled performance across construction machinery and generator sets. With an impressive 605 horsepower, this engine stands out as a powerhouse solution, tailored to ensure efficiency and durability even in the most challenging conditions. Whether you&#8217;re [&hellip;]<\/p>","protected":false},"featured_media":4707,"template":"","meta":{"_seopress_robots_primary_cat":"none","_seopress_titles_title":"","_seopress_titles_desc":"","_seopress_robots_index":"","_uag_custom_page_level_css":"","site-sidebar-layout":"default","site-content-layout":"","ast-site-content-layout":"default","site-content-style":"default","site-sidebar-style":"default","ast-global-header-display":"","ast-banner-title-visibility":"","ast-main-header-display":"","ast-hfb-above-header-display":"","ast-hfb-below-header-display":"","ast-hfb-mobile-header-display":"","site-post-title":"","ast-breadcrumbs-content":"","ast-featured-img":"","footer-sml-layout":"","theme-transparent-header-meta":"default","adv-header-id-meta":"","stick-header-meta":"default","header-above-stick-meta":"","header-main-stick-meta":"","header-below-stick-meta":"","astra-migrate-meta-layouts":"set","ast-page-background-enabled":"default","ast-page-background-meta":{"desktop":{"background-color":"","background-image":"","background-repeat":"repeat","background-position":"center center","background-size":"auto","background-attachment":"scroll","background-type":"","background-media":"","overlay-type":"","overlay-color":"","overlay-opacity":"","overlay-gradient":""},"tablet":{"background-color":"","background-image":"","background-repeat":"repeat","background-position":"center center","background-size":"auto","background-attachment":"scroll","background-type":"","background-media":"","overlay-type":"","overlay-color":"","overlay-opacity":"","overlay-gradient":""},"mobile":{"background-color":"","background-image":"","background-repeat":"repeat","background-position":"center center","background-size":"auto","background-attachment":"scroll","background-type":"","background-media":"","overlay-type":"","overlay-color":"","overlay-opacity":"","overlay-gradient":""}},"ast-content-background-meta":{"desktop":{"background-color":"var(--ast-global-color-5)","background-image":"","background-repeat":"repeat","background-position":"center center","background-size":"auto","background-attachment":"scroll","background-type":"","background-media":"","overlay-type":"","overlay-color":"","overlay-opacity":"","overlay-gradient":""},"tablet":{"background-color":"var(--ast-global-color-5)","background-image":"","background-repeat":"repeat","background-position":"center center","background-size":"auto","background-attachment":"scroll","background-type":"","background-media":"","overlay-type":"","overlay-color":"","overlay-opacity":"","overlay-gradient":""},"mobile":{"background-color":"var(--ast-global-color-5)","background-image":"","background-repeat":"repeat","background-position":"center center","background-size":"auto","background-attachment":"scroll","background-type":"","background-media":"","overlay-type":"","overlay-color":"","overlay-opacity":"","overlay-gradient":""}}},"product_brand":[],"product_cat":[79],"product_tag":[],"class_list":{"0":"post-4704","1":"product","2":"type-product","3":"status-publish","4":"has-post-thumbnail","6":"product_cat-cylinder-head","7":"desktop-align-left","8":"tablet-align-left","9":"mobile-align-left","10":"ast-product-gallery-layout-horizontal-slider","11":"ast-product-tabs-layout-accordion","13":"first","14":"instock","15":"sale","16":"shipping-taxable","17":"purchasable","18":"product-type-simple"},"uagb_featured_image_src":{"full":["https:\/\/subiaoengine.com\/wp-content\/uploads\/2025\/07\/1-9.jpg",1100,1100,false],"thumbnail":["https:\/\/subiaoengine.com\/wp-content\/uploads\/2025\/07\/1-9-150x150.jpg",150,150,true],"medium":["https:\/\/subiaoengine.com\/wp-content\/uploads\/2025\/07\/1-9-300x300.jpg",300,300,true],"medium_large":["https:\/\/subiaoengine.com\/wp-content\/uploads\/2025\/07\/1-9-768x768.jpg",768,768,true],"large":["https:\/\/subiaoengine.com\/wp-content\/uploads\/2025\/07\/1-9-1024x1024.jpg",1024,1024,true],"1536x1536":["https:\/\/subiaoengine.com\/wp-content\/uploads\/2025\/07\/1-9.jpg",1100,1100,false],"2048x2048":["https:\/\/subiaoengine.com\/wp-content\/uploads\/2025\/07\/1-9.jpg",1100,1100,false],"trp-custom-language-flag":["https:\/\/subiaoengine.com\/wp-content\/uploads\/2025\/07\/1-9-12x12.jpg",12,12,true],"woocommerce_thumbnail":["https:\/\/subiaoengine.com\/wp-content\/uploads\/2025\/07\/1-9-300x300.jpg",300,300,true],"woocommerce_single":["https:\/\/subiaoengine.com\/wp-content\/uploads\/2025\/07\/1-9-600x600.jpg",600,600,true],"woocommerce_gallery_thumbnail":["https:\/\/subiaoengine.com\/wp-content\/uploads\/2025\/07\/1-9-100x100.jpg",100,100,true]},"uagb_author_info":{"display_name":"jinxing6611@gmail.com","author_link":"https:\/\/subiaoengine.com\/es\/author\/"},"uagb_comment_info":0,"uagb_excerpt":"Unleashing Exceptional Power and Reliability The Cummins X15 engine is designed to meet the rigorous demands of heavy-duty applications, offering unparalleled performance across construction machinery and generator sets. With an impressive 605 horsepower, this engine stands out as a powerhouse solution, tailored to ensure efficiency and durability even in the most challenging conditions. Whether you&#8217;re&hellip;","_links":{"self":[{"href":"https:\/\/subiaoengine.com\/es\/wp-json\/wp\/v2\/product\/4704","targetHints":{"allow":["GET"]}}],"collection":[{"href":"https:\/\/subiaoengine.com\/es\/wp-json\/wp\/v2\/product"}],"about":[{"href":"https:\/\/subiaoengine.com\/es\/wp-json\/wp\/v2\/types\/product"}],"wp:featuredmedia":[{"embeddable":true,"href":"https:\/\/subiaoengine.com\/es\/wp-json\/wp\/v2\/media\/4707"}],"wp:attachment":[{"href":"https:\/\/subiaoengine.com\/es\/wp-json\/wp\/v2\/media?parent=4704"}],"wp:term":[{"taxonomy":"product_brand","embeddable":true,"href":"https:\/\/subiaoengine.com\/es\/wp-json\/wp\/v2\/product_brand?post=4704"},{"taxonomy":"product_cat","embeddable":true,"href":"https:\/\/subiaoengine.com\/es\/wp-json\/wp\/v2\/product_cat?post=4704"},{"taxonomy":"product_tag","embeddable":true,"href":"https:\/\/subiaoengine.com\/es\/wp-json\/wp\/v2\/product_tag?post=4704"}],"curies":[{"name":"wp","href":"https:\/\/api.w.org\/{rel}","templated":true}]}}